{"id":558,"date":"2020-06-19T20:03:49","date_gmt":"2020-06-19T18:03:49","guid":{"rendered":"https:\/\/mygibb.com\/?page_id=558"},"modified":"2020-12-17T12:52:46","modified_gmt":"2020-12-17T10:52:46","slug":"om-oss","status":"publish","type":"page","link":"https:\/\/staging1.dev.gibbs.no\/en\/om-oss\/","title":{"rendered":"About us"},"content":{"rendered":"<p>[vc_row][vc_column width=&raquo;1\/4&#8243;][vc_wp_custommenu nav_menu=&raquo;58&#8243;][\/vc_column][vc_column width=&raquo;3\/4&#8243;][vc_column_text]gibbs.no er utviklet av gibbs AS. Vi startet i 2019 med visjonen om \u00e5 <strong>connect<\/strong> people together through event. We believe that when people <strong>meet<\/strong> and share experiences <strong>together<\/strong> then we form closer ties. That is why we have created a system where you can easily create memorable gatherings.<\/p>\n<p>&nbsp;<\/p>\n<h3><strong>How do we do that?<\/strong><\/h3>\n<p>We do this by creating a marketplace for events. We make it easy and efficient to find suppliers of premises, equipment, catering, entertainment services etc. for, among other things, your company or corporate event.<\/p>\n<p>The norm today when it comes to finding event providers takes place in 3 different ways. Where one is to find providers through the network, the other is to seek out previously used providers and the last is a search on google in a jungle of individual websites. The next step after finding some suppliers, then the next challenge arises. Find available and suitable providers through a number of emails and phone calls.<\/p>\n<p>The user experience can be compared to buying a car without using finn.no. You consult each car dealer and make your own list to compare price and quality.<\/p>\n<p>Markedsplassen til gibbs gj\u00f8r det enkelt \u00e5 finne arrangementleverand\u00f8rer p\u00e5 et sted, slik at du kan sammenligne, finne ledig tid og betale.\u00a0Planlegg bursdagsfeiringen, familieselskapet eller bedriftseventet, mens du sitter \u00e5 slapper av p\u00e5 sofaen din.[\/vc_column_text][\/vc_column][\/vc_row]<\/p>","protected":false},"excerpt":{"rendered":"<p>[vc_row][vc_column width=&raquo;1\/4&#8243;][vc_wp_custommenu nav_menu=&raquo;58&#8243;][\/vc_column][vc_column width=&raquo;3\/4&#8243;][vc_column_text]gibbs.no er utviklet av gibbs AS. Vi startet i 2019 med visjonen om \u00e5 koble mennesker sammen gjennom arrangement. Vi mener at n\u00e5r mennesker m\u00f8tes og deler opplevelser sammen s\u00e5 knytter vi tettere b\u00e5nd. Derfor har vi laget et system hvor man enkelt kan lage minneverdig sammenkomster p\u00e5. &nbsp; Hvordan gj\u00f8r vi [&hellip;]<\/p>","protected":false},"author":1,"featured_media":0,"parent":0,"menu_order":0,"comment_status":"closed","ping_status":"closed","template":"","meta":{"inline_featured_image":false,"footnotes":""},"class_list":["post-558","page","type-page","status-publish","hentry"],"_links":{"self":[{"href":"https:\/\/staging1.dev.gibbs.no\/en\/wp-json\/wp\/v2\/pages\/558","targetHints":{"allow":["GET"]}}],"collection":[{"href":"https:\/\/staging1.dev.gibbs.no\/en\/wp-json\/wp\/v2\/pages"}],"about":[{"href":"https:\/\/staging1.dev.gibbs.no\/en\/wp-json\/wp\/v2\/types\/page"}],"author":[{"embeddable":true,"href":"https:\/\/staging1.dev.gibbs.no\/en\/wp-json\/wp\/v2\/users\/1"}],"replies":[{"embeddable":true,"href":"https:\/\/staging1.dev.gibbs.no\/en\/wp-json\/wp\/v2\/comments?post=558"}],"version-history":[{"count":10,"href":"https:\/\/staging1.dev.gibbs.no\/en\/wp-json\/wp\/v2\/pages\/558\/revisions"}],"predecessor-version":[{"id":5104,"href":"https:\/\/staging1.dev.gibbs.no\/en\/wp-json\/wp\/v2\/pages\/558\/revisions\/5104"}],"wp:attachment":[{"href":"https:\/\/staging1.dev.gibbs.no\/en\/wp-json\/wp\/v2\/media?parent=558"}],"curies":[{"name":"wp","href":"https:\/\/api.w.org\/{rel}","templated":true}]}}